{"id":31460,"date":"2022-03-20T21:07:35","date_gmt":"2022-03-21T03:12:41","guid":{"rendered":"https:\/\/ymirsy.com\/producto\/nutre-tu-cuerpo-jueves-7-de-abril\/"},"modified":"2024-08-09T17:13:42","modified_gmt":"2024-08-09T17:13:42","slug":"nutre-tu-cuerpo-abril-jueves-7","status":"publish","type":"product","link":"https:\/\/ymirsy.com\/es\/producto\/nutre-tu-cuerpo-abril-jueves-7\/","title":{"rendered":"Nutre tu cuerpo. Jueves 7 de abril"},"content":{"rendered":"<p><span style=\"font-weight: 400;\">Hora de inicio 6 pm &#8211; <\/span><span style=\"font-weight: 400;\">Hora de finalizaci\u00f3n 10 pm<\/span><\/p>\n<p><b>Nutre tu cuerpo con ingredientes naturales y superalimentos<\/b><\/p>\n<p><span style=\"font-weight: 400;\">Para los humanos debe ser fundamental nutrir el cuerpo con alimentos reales, integrales y naturales.<\/span><\/p>\n<p><span style=\"font-weight: 400;\"> Crear buenos h\u00e1bitos para transformar su cuerpo podr\u00eda ser un desaf\u00edo, pero estoy aqu\u00ed para ense\u00f1arle a tu mente y cuerpo a aprender a cocinar comidas nutritivas y deliciosas.<\/span><\/p>\n<p><span style=\"font-weight: 400;\"> Esta clase es para personas que se est\u00e1n recuperando de una cirug\u00eda, han dado a luz o simplemente quieren mantenerse alejadas de enfermedades e ingredientes t\u00f3xicos para lograr una vida larga y saludable.<\/span><\/p>\n<p><span style=\"font-weight: 400;\">La clase es hol\u00edstica, basada en plantas, sustentable y de apoyo, enfocada en tu bienestar y energ\u00eda vital.<\/span><\/p>\n<p><span style=\"font-weight: 400;\">Un adelanto de lo que aprender\u00e1s:<\/span><\/p>\n<ul>\n<li><span style=\"font-weight: 400;\">Jugo verde antioxidante y batidos con superalimentos<\/span><\/li>\n<li><span style=\"font-weight: 400;\">Sopa curativa de miso y ajo para fortalecer tu sistema inmunol\u00f3gico<\/span><\/li>\n<li><span style=\"font-weight: 400;\">Caldo de minerales y beneficios<\/span><\/li>\n<li><span style=\"font-weight: 400;\">El poder de lo verde y lo crudo<\/span><\/li>\n<li><span style=\"font-weight: 400;\">Alimentos antiinflamatorios<\/span><\/li>\n<li><span style=\"font-weight: 400;\">uperalimentos esencial para sanar y nutrir como bayas de goji, hongos, algas, leche dorada de curcuma.<\/span><\/li>\n<li><span style=\"font-weight: 400;\">Hongos curativos<\/span><\/li>\n<li><span style=\"font-weight: 400;\">Oxigenaci\u00f3n con suplementos, alimentos ricos en clorofila y germanio<\/span><\/li>\n<li><span style=\"font-weight: 400;\">Remedios caseros<\/span><\/li>\n<li><span style=\"font-weight: 400;\">Consejos para cocinar y mantener las enzimas, y los nutrientes en los alimentos.<\/span><\/li>\n<li><span style=\"font-weight: 400;\">Elimina la fatiga y aumenta la energ\u00eda.<\/span><\/li>\n<\/ul>\n<p><span style=\"font-weight: 400;\"> <\/span><\/p>\n<blockquote><p><span style=\"font-weight: 400;\"> \u201cEs hora de aprender a cocinar para mejorar tu salud y la de tus seres queridos, porque cocinar es un regalo para ti y para los dem\u00e1s\u201d.<\/span><\/p><\/blockquote>\n<p><span style=\"font-weight: 400;\"> Si tiene alguna pregunta o inquietud sobre la clase, env\u00edeme un correo electr\u00f3nico y con gusto responder\u00e9 sus preguntas.<\/span><\/p>\n<p><b>M\u00e1s acerca de esta clase\u2026<\/b><\/p>\n<ul>\n<li style=\"font-weight: 400;\" aria-level=\"1\"><span style=\"font-weight: 400;\">Esta clase est\u00e1 disponible de manera presencial en NY. <\/span><\/li>\n<li style=\"font-weight: 400;\" aria-level=\"1\"><span style=\"font-weight: 400;\">Interactuar\u00e1s en la clase.<\/span><\/li>\n<li style=\"font-weight: 400;\" aria-level=\"1\"><span style=\"font-weight: 400;\">Puede traer tu propio vino.<\/span><\/li>\n<li style=\"font-weight: 400;\" aria-level=\"1\"><span style=\"font-weight: 400;\">Todos en la clase tendr\u00e1n la oportunidad de comer y disfrutar de los platos. <\/span><\/li>\n<li style=\"font-weight: 400;\" aria-level=\"1\"><span style=\"font-weight: 400;\">La clase es de 5 horas.<\/span><\/li>\n<li style=\"font-weight: 400;\" aria-level=\"1\"><span style=\"font-weight: 400;\">Se proporcionar\u00e1n ingredientes, equipo, herramientas y delantales (excepto para las clases en l\u00ednea).<\/span><\/li>\n<\/ul>\n<p><span style=\"font-weight: 400;\"> <\/span><\/p>\n<p>&nbsp;<\/p>\n<p><span style=\"font-weight: 400;\"> <\/span><\/p>\n<p><span style=\"font-weight: 400;\"> <\/span><\/p>\n<p>&nbsp;<\/p>\n","protected":false},"excerpt":{"rendered":"<p><span style=\"font-weight: 400;\">The class utilizes holistic, plant-based sustainable and supportive cooking focused on your overall wellbeing and vital energy.<\/span><\/p>\n","protected":false},"featured_media":29805,"comment_status":"open","ping_status":"closed","template":"","meta":{"_acf_changed":false,"_et_pb_use_builder":"","_et_pb_old_content":"","_et_gb_content_width":""},"product_brand":[],"product_cat":[155],"product_tag":[160,158,159],"class_list":{"0":"post-31460","1":"product","2":"type-product","3":"status-publish","4":"has-post-thumbnail","6":"product_cat-clases","7":"product_tag-natural-es","8":"product_tag-nutrir","9":"product_tag-superalimentos","11":"first","12":"instock","13":"virtual","14":"purchasable","15":"product-type-simple"},"acf":[],"_links":{"self":[{"href":"https:\/\/ymirsy.com\/es\/wp-json\/wp\/v2\/product\/31460","targetHints":{"allow":["GET"]}}],"collection":[{"href":"https:\/\/ymirsy.com\/es\/wp-json\/wp\/v2\/product"}],"about":[{"href":"https:\/\/ymirsy.com\/es\/wp-json\/wp\/v2\/types\/product"}],"replies":[{"embeddable":true,"href":"https:\/\/ymirsy.com\/es\/wp-json\/wp\/v2\/comments?post=31460"}],"wp:featuredmedia":[{"embeddable":true,"href":"https:\/\/ymirsy.com\/es\/wp-json\/wp\/v2\/media\/29805"}],"wp:attachment":[{"href":"https:\/\/ymirsy.com\/es\/wp-json\/wp\/v2\/media?parent=31460"}],"wp:term":[{"taxonomy":"product_brand","embeddable":true,"href":"https:\/\/ymirsy.com\/es\/wp-json\/wp\/v2\/product_brand?post=31460"},{"taxonomy":"product_cat","embeddable":true,"href":"https:\/\/ymirsy.com\/es\/wp-json\/wp\/v2\/product_cat?post=31460"},{"taxonomy":"product_tag","embeddable":true,"href":"https:\/\/ymirsy.com\/es\/wp-json\/wp\/v2\/product_tag?post=31460"}],"curies":[{"name":"wp","href":"https:\/\/api.w.org\/{rel}","templated":true}]}}