{"id":31459,"date":"2022-03-20T21:24:05","date_gmt":"2022-03-21T03:06:33","guid":{"rendered":"https:\/\/ymirsy.com\/producto\/clase-de-meriendas-y-postres-domingo-3-de-abril\/"},"modified":"2025-04-12T19:06:42","modified_gmt":"2025-04-12T19:06:42","slug":"postres-meriendas-clase-abril-domingo-3","status":"publish","type":"product","link":"https:\/\/ymirsy.com\/es\/producto\/postres-meriendas-clase-abril-domingo-3\/","title":{"rendered":"Clase de meriendas y postres. Domingo 3 de abril"},"content":{"rendered":"<p><span style=\"font-weight: 400;\">Hora de inicio 12 pm &#8211; <\/span><span style=\"font-weight: 400;\">Hora de culminaci\u00f3n 4 pm<\/span><\/p>\n<p><b>Suculentos postres y refrigerios horneados, crudos, sin l\u00e1cteos y sin gluten.<\/b><\/p>\n<p><span style=\"font-weight: 400;\"> Este curso es para personas golosas, personas que aman los postres, pero que tambi\u00e9n son conscientes de la salud. <\/span><\/p>\n<p><span style=\"font-weight: 400;\">Todas las recetas est\u00e1n creadas desde cero con productos naturales, org\u00e1nicos, sin aditivos ni conservantes, y pueden ser sin gluten, y sin l\u00e1cteos Utilizo az\u00facar de frutas, para no da\u00f1ar nuestra salud f\u00edsica y mental.<\/span><\/p>\n<p><span style=\"font-weight: 400;\"> Te vas a divertir, jugar\u00e1s con tu creatividad; aprender\u00e1s a mejorar tus habilidades para hornear y disfrutar de estos placeres deliciosos y sin remordimientos.<\/span><\/p>\n<p><span style=\"font-weight: 400;\">Lo que aprender\u00e1s en esta clase:<\/span><\/p>\n<ul>\n<li><span style=\"font-weight: 400;\">Torta de manzana<\/span><\/li>\n<li><span style=\"font-weight: 400;\">Pan de prote\u00edna de banana<\/span><\/li>\n<li><span style=\"font-weight: 400;\">Torta de remolacha y chocolate<\/span><\/li>\n<li><span style=\"font-weight: 400;\">Torta de calabac\u00edn.<\/span><\/li>\n<li><span style=\"font-weight: 400;\">Bolas de d\u00e1tiles y chocolate con nueces y superalimentos<\/span><\/li>\n<li><span style=\"font-weight: 400;\">Mousse crudo<\/span><\/li>\n<li><span style=\"font-weight: 400;\">Parfait de yogur de coco<\/span><\/li>\n<li><span style=\"font-weight: 400;\">Granola casera<\/span><\/li>\n<li><span style=\"font-weight: 400;\">Gelatina de ar\u00e1ndanos con agar agar<\/span><\/li>\n<\/ul>\n<p><span style=\"font-weight: 400;\">Durante cada clase, aprender\u00e1 t\u00e9cnicas sencillas para desarrollar a\u00fan m\u00e1s tu creatividad.<\/span><\/p>\n<p><span style=\"font-weight: 400;\">Esta clase es individual o en grupo, \u00a1aprender con amigos es divertido! <\/span><\/p>\n<p><span style=\"font-weight: 400;\">Videos instructivos con instrucciones claras.<\/span><\/p>\n<p><span style=\"font-weight: 400;\">Recibir\u00e1s un recetario con instrucciones en formato PDF. Puedes descargarlo e imprimirlo para tenerlo al alcance de tu cocina.<\/span><\/p>\n<p><span style=\"font-weight: 400;\">Las recetas est\u00e1n creadas con ingredientes naturales, vigorosos y org\u00e1nicos que te ayudan a perder peso, mantener tu fuerza, energ\u00eda vital, \u00a1y puedes disfrutarlas sin remordimientos! <\/span><\/p>\n<p><b>M\u00e1s acerca de esta clase\u2026<\/b><\/p>\n<ul>\n<li style=\"font-weight: 400;\" aria-level=\"1\"><span style=\"font-weight: 400;\">Esta clase est\u00e1 disponible de manera presencial en NY. <\/span><\/li>\n<li style=\"font-weight: 400;\" aria-level=\"1\"><span style=\"font-weight: 400;\">Interactuar\u00e1s en la clase.<\/span><\/li>\n<li style=\"font-weight: 400;\" aria-level=\"1\"><span style=\"font-weight: 400;\">Puede traer tu propio vino.<\/span><\/li>\n<li style=\"font-weight: 400;\" aria-level=\"1\"><span style=\"font-weight: 400;\">Todos en la clase tendr\u00e1n la oportunidad de comer y disfrutar de los platos. <\/span><\/li>\n<li style=\"font-weight: 400;\" aria-level=\"1\"><span style=\"font-weight: 400;\">La clase es de 4 horas.<\/span><\/li>\n<li style=\"font-weight: 400;\" aria-level=\"1\"><span style=\"font-weight: 400;\">Se proporcionar\u00e1n ingredientes, equipo, herramientas y delantales (excepto para las clases en l\u00ednea).<\/span><\/li>\n<\/ul>\n<p>&nbsp;<\/p>\n<p><span style=\"font-weight: 400;\">\u00a1\u00danete a la experiencia!<\/span><\/p>\n","protected":false},"excerpt":{"rendered":"<p><span style=\"font-weight: 400;\">Las recetas est\u00e1n creadas con ingredientes naturales, vigorosos y org\u00e1nicos que te ayudan a perder peso, mantener tu fuerza, energ\u00eda vital, \u00a1y puedes disfrutarlas sin remordimientos! <\/span><\/p>\n","protected":false},"featured_media":29807,"comment_status":"open","ping_status":"closed","template":"","meta":{"_acf_changed":false,"_et_pb_use_builder":"","_et_pb_old_content":"","_et_gb_content_width":""},"product_brand":[],"product_cat":[155],"product_tag":[156,131,157],"class_list":{"0":"post-31459","1":"product","2":"type-product","3":"status-publish","4":"has-post-thumbnail","6":"product_cat-clases","7":"product_tag-postres","8":"product_tag-snacks-es","9":"product_tag-yummy-es","11":"first","12":"instock","13":"virtual","14":"purchasable","15":"product-type-simple"},"acf":[],"_links":{"self":[{"href":"https:\/\/ymirsy.com\/es\/wp-json\/wp\/v2\/product\/31459","targetHints":{"allow":["GET"]}}],"collection":[{"href":"https:\/\/ymirsy.com\/es\/wp-json\/wp\/v2\/product"}],"about":[{"href":"https:\/\/ymirsy.com\/es\/wp-json\/wp\/v2\/types\/product"}],"replies":[{"embeddable":true,"href":"https:\/\/ymirsy.com\/es\/wp-json\/wp\/v2\/comments?post=31459"}],"wp:featuredmedia":[{"embeddable":true,"href":"https:\/\/ymirsy.com\/es\/wp-json\/wp\/v2\/media\/29807"}],"wp:attachment":[{"href":"https:\/\/ymirsy.com\/es\/wp-json\/wp\/v2\/media?parent=31459"}],"wp:term":[{"taxonomy":"product_brand","embeddable":true,"href":"https:\/\/ymirsy.com\/es\/wp-json\/wp\/v2\/product_brand?post=31459"},{"taxonomy":"product_cat","embeddable":true,"href":"https:\/\/ymirsy.com\/es\/wp-json\/wp\/v2\/product_cat?post=31459"},{"taxonomy":"product_tag","embeddable":true,"href":"https:\/\/ymirsy.com\/es\/wp-json\/wp\/v2\/product_tag?post=31459"}],"curies":[{"name":"wp","href":"https:\/\/api.w.org\/{rel}","templated":true}]}}