{"id":30138,"date":"2022-02-18T23:42:12","date_gmt":"2022-02-19T01:27:37","guid":{"rendered":"https:\/\/ymirsy.com\/producto\/programa-de-embellecimiento-y-rejuvenecimiento\/"},"modified":"2022-04-17T19:33:15","modified_gmt":"2022-04-17T19:33:15","slug":"programa-para-embellecer-y-rejuvenecer","status":"publish","type":"product","link":"https:\/\/ymirsy.com\/es\/producto\/programa-para-embellecer-y-rejuvenecer\/","title":{"rendered":"Programa de Embellecimiento y Rejuvenecimiento"},"content":{"rendered":"<p>Si quieres sentirte joven, saludable, en\u00e9rgico y lucir fabuloso a cualquier edad, este programa es para ti.<\/p>\n<p>Aprender\u00e1 a programar su mente y le ense\u00f1ar\u00e1 a su cuerpo c\u00f3mo lograr este objetivo con algunos consejos y trucos.<\/p>\n<p>Tambi\u00e9n recibir\u00e1s informaci\u00f3n valiosa que te ayudar\u00e1 a comprender y aceptar que el envejecimiento es un proceso natural imparable. Pero comer los alimentos y superalimentos adecuados, con conocimiento, disciplina, amor propio y lealtad a uno mismo, puede ralentizar y revertir el proceso de envejecimiento.<\/p>\n<p><strong>Beneficios<\/strong><\/p>\n<ul>\n<li>Te sentir\u00e1s en\u00e9rgico y concentrado.<\/li>\n<li>Lograr\u00e1s una mejor absorci\u00f3n de nutrientes.<\/li>\n<li>Te sentir\u00e1s m\u00e1s feliz y tendr\u00e1s menos estr\u00e9s.<\/li>\n<li>Piel radiante.<\/li>\n<li>No m\u00e1s antojos.<\/li>\n<li>No sentir\u00e1s hambre, te sentir\u00e1s saciado.<\/li>\n<li>No contar\u00e1 las calor\u00edas; aprender\u00e1 a contar los beneficios.<\/li>\n<li>F\u00e1cil de seguir.<\/li>\n<li>Obtendr\u00e1s conocimientos sobre superalimentos<\/li>\n<li>P\u00e9rdida de peso<\/li>\n<li>Aumenta tu longevidad<\/li>\n<li>Sana tu cuerpo<\/li>\n<li>Antienvejecimiento<\/li>\n<li>Las recetas contienen alimentos vibrantes cargados de antioxidantes y nutrientes esenciales.<\/li>\n<li>Aumenta la inmunidad<\/li>\n<li>Consejos y trucos sobre la belleza<\/li>\n<\/ul>\n<p><strong>\u00bfQu\u00e9 obtendr\u00e1s?<\/strong><\/p>\n<ul>\n<li>Obtendr\u00e1s 2 sesiones privadas por zoom, una por semana por 30 min en donde podr\u00e1s aclarar dudas, hacer preguntas y hasta aprender alguna receta que quieras. O simplemente un seguimiento de tu evoluci\u00f3n con el programa.<\/li>\n<li>Plan de comida nutritiva con gu\u00eda de superalimentos.<\/li>\n<li>Lista de la compra<\/li>\n<li>Recetas deliciosas y nutritivas.<\/li>\n<li>Informaci\u00f3n de suplementos para la belleza.<\/li>\n<li>Informacion acerca de los super alimentos.<\/li>\n<li>Ymi tips con consejos de belleza para tu interior y exterior.<\/li>\n<\/ul>\n","protected":false},"excerpt":{"rendered":"<p>Del\u00e9itate, transforma tu vida, tus h\u00e1bitos y brilla con fuerza vital.<br \/>\nTe invito a dar este salto a lo natural y a cuidarte desde adentro hacia afuera.<\/p>\n","protected":false},"featured_media":27740,"comment_status":"open","ping_status":"closed","template":"","meta":{"_acf_changed":false,"_et_pb_use_builder":"","_et_pb_old_content":"","_et_gb_content_width":""},"product_brand":[],"product_cat":[127],"product_tag":[138,139],"class_list":{"0":"post-30138","1":"product","2":"type-product","3":"status-publish","4":"has-post-thumbnail","6":"product_cat-programs-es","7":"product_tag-rejuvenecimiento","8":"product_tag-superalimento","10":"first","11":"instock","12":"downloadable","13":"shipping-taxable","14":"purchasable","15":"product-type-simple"},"acf":[],"_links":{"self":[{"href":"https:\/\/ymirsy.com\/es\/wp-json\/wp\/v2\/product\/30138","targetHints":{"allow":["GET"]}}],"collection":[{"href":"https:\/\/ymirsy.com\/es\/wp-json\/wp\/v2\/product"}],"about":[{"href":"https:\/\/ymirsy.com\/es\/wp-json\/wp\/v2\/types\/product"}],"replies":[{"embeddable":true,"href":"https:\/\/ymirsy.com\/es\/wp-json\/wp\/v2\/comments?post=30138"}],"wp:featuredmedia":[{"embeddable":true,"href":"https:\/\/ymirsy.com\/es\/wp-json\/wp\/v2\/media\/27740"}],"wp:attachment":[{"href":"https:\/\/ymirsy.com\/es\/wp-json\/wp\/v2\/media?parent=30138"}],"wp:term":[{"taxonomy":"product_brand","embeddable":true,"href":"https:\/\/ymirsy.com\/es\/wp-json\/wp\/v2\/product_brand?post=30138"},{"taxonomy":"product_cat","embeddable":true,"href":"https:\/\/ymirsy.com\/es\/wp-json\/wp\/v2\/product_cat?post=30138"},{"taxonomy":"product_tag","embeddable":true,"href":"https:\/\/ymirsy.com\/es\/wp-json\/wp\/v2\/product_tag?post=30138"}],"curies":[{"name":"wp","href":"https:\/\/api.w.org\/{rel}","templated":true}]}}