{"id":30131,"date":"2022-02-18T23:20:30","date_gmt":"2022-02-19T00:05:57","guid":{"rendered":"https:\/\/ymirsy.com\/producto\/detox\/"},"modified":"2024-07-24T17:37:25","modified_gmt":"2024-07-24T17:37:25","slug":"detox-program-2","status":"publish","type":"product","link":"https:\/\/ymirsy.com\/es\/producto\/detox-program-2\/","title":{"rendered":"Detox"},"content":{"rendered":"<p>[et_pb_section fb_built=\u00bb1&#8243; _builder_version=\u00bb4.27.0&#8243; _module_preset=\u00bbdefault\u00bb global_colors_info=\u00bb{}\u00bb][\/et_pb_section]<\/p>\n","protected":false},"excerpt":{"rendered":"<p>Esta es una gu\u00eda para crear buenos h\u00e1bitos que ayuden a su cuerpo a sanar. Le ense\u00f1ar\u00e9 a su mente y cuerpo a aprender ciertos consejos para alcalinizar su cuerpo a trav\u00e9s de la comida y los ejercicios curativos diarios.<\/p>\n","protected":false},"featured_media":27746,"comment_status":"open","ping_status":"closed","template":"","meta":{"_acf_changed":false,"_et_pb_use_builder":"on","_et_pb_old_content":"Esta es una gu\u00eda para crear buenos h\u00e1bitos que ayuden a su cuerpo a sanar. Le ense\u00f1ar\u00e9 a su mente y cuerpo a aprender ciertos consejos para alcalinizar su cuerpo a trav\u00e9s de la comida y los ejercicios curativos diarios.\r\n\r\nEs un plan de alimentaci\u00f3n alcalinizante, energizante y desintoxicante.\r\nQuiero asegurarme de que entiendas \u201cesta no es una dieta, te estoy ayudando a cambiar tu estilo de vida\u201d e incorporar nuevos buenos h\u00e1bitos a tu rutina diaria que tu cuerpo y tu mente agradecer\u00e1n. Ver\u00e1 y sentir\u00e1 los beneficios.\r\n\r\nBENEFICIOS:\r\n<ul>\r\n \t<li>Mejorar la digesti\u00f3n<\/li>\r\n \t<li>Disminuir enfermedades<\/li>\r\n \t<li>M\u00e1s energ\u00eda vital<\/li>\r\n \t<li>P\u00e9rdida de peso<\/li>\r\n \t<li>Mejor dormir<\/li>\r\n \t<li>Eliminar toxinas<\/li>\r\n \t<li>Equilibra tu PH<\/li>\r\n \t<li>Claridad mental<\/li>\r\n \t<li>Reducir las inflamaciones<\/li>\r\n \t<li>Nutre tu intestino<\/li>\r\n \t<li>Mantener la salud inmune<\/li>\r\n \t<li>Entrena tu paladar con comida limpia y real<\/li>\r\n \t<li>Mejore sus conocimientos sobre nutrici\u00f3n y productos saludables.<\/li>\r\n \t<li>Crea buenos h\u00e1bitos de por vida y a sentirse saludable.<\/li>\r\n \t<li>Luce y si\u00e9ntete saludable<\/li>\r\n<\/ul>\r\n<strong>\u00bfQu\u00e9 obtendr\u00e1s?<\/strong>\r\n<ul>\r\n \t<li>Recetas: libre de gluten, vegetarianas, veganas, flexitarianas y mas importante \u2026 sanadoras, nutritivas y deliciosas.<\/li>\r\n \t<li>Rutinas: Ejercita todo tu cuerpo. Recibir\u00e1s una gu\u00eda de ejercicios para entrenar en tu casa o en el gimnasio. La idea es que muevas m\u00e1s tu cuerpo y sudes todas las toxinas todos los d\u00edas.<\/li>\r\n \t<li>Estiramientos\r\nTe enviar\u00e9 rutinas que puedes hacer en casa o al aire libre.<\/li>\r\n \t<li>Material nutricional\r\nRecetas y lista de compras\r\nLos cambios en nuestros h\u00e1bitos nutricionales implican comprometernos con nuestra salud.<\/li>\r\n \t<li>Afirmaciones y Mindfulness\r\nCuando las emociones est\u00e1n equilibradas, naturalmente sentimos autoestima y tendemos a elegir productos de mejor calidad.<\/li>\r\n \t<li>Acompa\u00f1amiento, tips extras y m\u00e1s...<\/li>\r\n<\/ul>\r\n\u00danete a mi en este viaje transformador, me encantar\u00e1 guiarte en tu camino de crecimiento f\u00edsico y bienestar personal.","_et_gb_content_width":""},"product_brand":[],"product_cat":[127],"product_tag":[],"class_list":{"0":"post-30131","1":"product","2":"type-product","3":"status-publish","4":"has-post-thumbnail","6":"product_cat-programs-es","8":"first","9":"instock","10":"downloadable","11":"shipping-taxable","12":"purchasable","13":"product-type-simple"},"acf":[],"_links":{"self":[{"href":"https:\/\/ymirsy.com\/es\/wp-json\/wp\/v2\/product\/30131","targetHints":{"allow":["GET"]}}],"collection":[{"href":"https:\/\/ymirsy.com\/es\/wp-json\/wp\/v2\/product"}],"about":[{"href":"https:\/\/ymirsy.com\/es\/wp-json\/wp\/v2\/types\/product"}],"replies":[{"embeddable":true,"href":"https:\/\/ymirsy.com\/es\/wp-json\/wp\/v2\/comments?post=30131"}],"wp:featuredmedia":[{"embeddable":true,"href":"https:\/\/ymirsy.com\/es\/wp-json\/wp\/v2\/media\/27746"}],"wp:attachment":[{"href":"https:\/\/ymirsy.com\/es\/wp-json\/wp\/v2\/media?parent=30131"}],"wp:term":[{"taxonomy":"product_brand","embeddable":true,"href":"https:\/\/ymirsy.com\/es\/wp-json\/wp\/v2\/product_brand?post=30131"},{"taxonomy":"product_cat","embeddable":true,"href":"https:\/\/ymirsy.com\/es\/wp-json\/wp\/v2\/product_cat?post=30131"},{"taxonomy":"product_tag","embeddable":true,"href":"https:\/\/ymirsy.com\/es\/wp-json\/wp\/v2\/product_tag?post=30131"}],"curies":[{"name":"wp","href":"https:\/\/api.w.org\/{rel}","templated":true}]}}