{"id":32141,"date":"2025-01-06T20:40:03","date_gmt":"2025-01-06T20:40:03","guid":{"rendered":"https:\/\/ymirsy.com\/?page_id=32141"},"modified":"2025-01-07T13:02:57","modified_gmt":"2025-01-07T13:02:57","slug":"guia-detox-y-alcalino","status":"publish","type":"page","link":"https:\/\/ymirsy.com\/es\/guia-detox-y-alcalino\/","title":{"rendered":"Guia Detox y Alcalino"},"content":{"rendered":"<p>[et_pb_section fb_built=\u00bb1&#8243; specialty=\u00bbon\u00bb module_id=\u00bbcontact\u00bb _builder_version=\u00bb4.27.2&#8243; _module_preset=\u00bbdefault\u00bb global_colors_info=\u00bb{}\u00bb][et_pb_column type=\u00bb1_4&#8243; _builder_version=\u00bb4.16&#8243; custom_padding=\u00bb|||\u00bb global_colors_info=\u00bb{}\u00bb custom_padding__hover=\u00bb|||\u00bb][et_pb_image src=\u00bbhttps:\/\/ymirsy.com\/wp-content\/uploads\/2025\/01\/PORTADA-MENU-DETOX-Y-ALCALINO.png\u00bb title_text=\u00bbPORTADA MENU DETOX Y ALCALINO\u00bb align=\u00bbcenter\u00bb _builder_version=\u00bb4.27.4&#8243; _module_preset=\u00bbdefault\u00bb module_alignment=\u00bbcenter\u00bb global_colors_info=\u00bb{}\u00bb][\/et_pb_image][\/et_pb_column][et_pb_column type=\u00bb3_4&#8243; specialty_columns=\u00bb3&#8243; _builder_version=\u00bb4.16&#8243; custom_padding=\u00bb|||\u00bb global_colors_info=\u00bb{}\u00bb custom_padding__hover=\u00bb|||\u00bb][et_pb_row_inner _builder_version=\u00bb4.27.2&#8243; _module_preset=\u00bbdefault\u00bb global_colors_info=\u00bb{}\u00bb][et_pb_column_inner saved_specialty_column_type=\u00bb3_4&#8243; _builder_version=\u00bb4.27.2&#8243; _module_preset=\u00bbdefault\u00bb global_colors_info=\u00bb{}\u00bb][et_pb_text _builder_version=\u00bb4.27.4&#8243; _module_preset=\u00bbdefault\u00bb text_font=\u00bb&#8211;et_global_body_font|300|||||||\u00bb header_font=\u00bb&#8211;et_global_heading_font||||||||\u00bb header_2_font=\u00bb&#8211;et_global_heading_font||||||||\u00bb text_orientation=\u00bbcenter\u00bb global_colors_info=\u00bb{}\u00bb]<\/p>\n<div id=\"heading-6141\" class=\"c-heading c-wrapper\">\n<h2 class=\"heading-6141 text-output c-heading-heading-6141 radius0 noBorder\">Men\u00fa Detox y Alcalino<\/h2>\n<\/div>\n<div id=\"heading-6808\" class=\"c-heading c-wrapper\">\n<h1 class=\"heading-6808 text-output c-heading-heading-6808 radius0 noBorder\">Descarga este men\u00fa GRATIS<\/h1>\n<div id=\"heading-3744\" class=\"c-heading c-wrapper\">\n<div class=\"heading-3744 text-output c-heading-heading-3744 radius0 noBorder\" data-animation-class=\"\">\n<p>&nbsp;<\/p>\n<div class=\"flex max-w-full flex-col flex-grow\">\n<div data-message-author-role=\"assistant\" data-message-id=\"b9a700c8-a7cf-4fe9-944f-f3e05939f1b6\" dir=\"auto\" class=\"min-h-8 text-message flex w-full flex-col items-end gap-2 whitespace-normal break-words [.text-message+&amp;]:mt-5\" data-message-model-slug=\"gpt-4o\">\n<div class=\"flex w-full flex-col gap-1 empty:hidden first:pt-[3px]\">\n<div class=\"markdown prose w-full break-words dark:prose-invert dark\">\n<p>Ingresa tu informaci\u00f3n correctamente y te enviaremos el e-book por correo electr\u00f3nico.<\/p>\n<\/div>\n<\/div>\n<\/div>\n<\/div>\n<\/div>\n<\/div>\n<\/div>\n<p>[\/et_pb_text][\/et_pb_column_inner][\/et_pb_row_inner][et_pb_row_inner _builder_version=\u00bb4.27.2&#8243; _module_preset=\u00bbdefault\u00bb custom_padding=\u00bb|10px||10px|false|true\u00bb border_radii=\u00bbon|5px|5px|5px|5px\u00bb border_width_all=\u00bb1px\u00bb border_style_all=\u00bbdashed\u00bb global_colors_info=\u00bb{}\u00bb][et_pb_column_inner saved_specialty_column_type=\u00bb3_4&#8243; _builder_version=\u00bb4.27.2&#8243; _module_preset=\u00bbdefault\u00bb global_colors_info=\u00bb{}\u00bb][et_pb_contact_form use_spam_service=\u00bbon\u00bb recaptcha_list=\u00bbDefault|Default-0&#8243; email=\u00bbritualesdeymi@gmail.com\u00bb custom_message=\u00bbName: %%Name%%||et_pb_line_break_holder||Last Name: %%Last_Name%%||et_pb_line_break_holder||Email: %%Email%%\u00bb use_redirect=\u00bbon\u00bb redirect_url=\u00bbhttps:\/\/ymirsy.com\/wp-content\/uploads\/2025\/01\/Menu-Detox-y-Alcalino-por-1-Semana-By-Ymirsy.pdf\u00bb success_message=\u00bb\u00a1Gracias!\u00bb submit_button_text=\u00bbDescarga el Men\u00fa Detox y Alcalino GRATIS\u00bb _builder_version=\u00bb4.27.4&#8243; _module_preset=\u00bbdefault\u00bb _unique_id=\u00bb96c3e96f-81cf-4129-b02f-665039cab0f1&#8243; custom_button=\u00bbon\u00bb button_text_size=\u00bb15px\u00bb button_bg_color=\u00bb#FFEBDD\u00bb button_border_color=\u00bb#FFEBDD\u00bb link_option_url_new_window=\u00bbon\u00bb global_colors_info=\u00bb{}\u00bb][et_pb_contact_field field_id=\u00bbName\u00bb field_title=\u00bbNombre\u00bb _builder_version=\u00bb4.27.3&#8243; global_colors_info=\u00bb{}\u00bb button_text_size__hover_enabled=\u00bboff\u00bb button_one_text_size__hover_enabled=\u00bboff\u00bb button_two_text_size__hover_enabled=\u00bboff\u00bb button_text_color__hover_enabled=\u00bboff\u00bb button_one_text_color__hover_enabled=\u00bboff\u00bb button_two_text_color__hover_enabled=\u00bboff\u00bb button_border_width__hover_enabled=\u00bboff\u00bb button_one_border_width__hover_enabled=\u00bboff\u00bb button_two_border_width__hover_enabled=\u00bboff\u00bb button_border_color__hover_enabled=\u00bboff\u00bb button_one_border_color__hover_enabled=\u00bboff\u00bb button_two_border_color__hover_enabled=\u00bboff\u00bb button_border_radius__hover_enabled=\u00bboff\u00bb button_one_border_radius__hover_enabled=\u00bboff\u00bb button_two_border_radius__hover_enabled=\u00bboff\u00bb button_letter_spacing__hover_enabled=\u00bboff\u00bb button_one_letter_spacing__hover_enabled=\u00bboff\u00bb button_two_letter_spacing__hover_enabled=\u00bboff\u00bb button_bg_color__hover_enabled=\u00bboff\u00bb button_one_bg_color__hover_enabled=\u00bboff\u00bb button_two_bg_color__hover_enabled=\u00bboff\u00bb][\/et_pb_contact_field][et_pb_contact_field field_id=\u00bbLast_Name\u00bb field_title=\u00bbApellido\u00bb _builder_version=\u00bb4.27.3&#8243; global_colors_info=\u00bb{}\u00bb button_text_size__hover_enabled=\u00bboff\u00bb button_one_text_size__hover_enabled=\u00bboff\u00bb button_two_text_size__hover_enabled=\u00bboff\u00bb button_text_color__hover_enabled=\u00bboff\u00bb button_one_text_color__hover_enabled=\u00bboff\u00bb button_two_text_color__hover_enabled=\u00bboff\u00bb button_border_width__hover_enabled=\u00bboff\u00bb button_one_border_width__hover_enabled=\u00bboff\u00bb button_two_border_width__hover_enabled=\u00bboff\u00bb button_border_color__hover_enabled=\u00bboff\u00bb button_one_border_color__hover_enabled=\u00bboff\u00bb button_two_border_color__hover_enabled=\u00bboff\u00bb button_border_radius__hover_enabled=\u00bboff\u00bb button_one_border_radius__hover_enabled=\u00bboff\u00bb button_two_border_radius__hover_enabled=\u00bboff\u00bb button_letter_spacing__hover_enabled=\u00bboff\u00bb button_one_letter_spacing__hover_enabled=\u00bboff\u00bb button_two_letter_spacing__hover_enabled=\u00bboff\u00bb button_bg_color__hover_enabled=\u00bboff\u00bb button_one_bg_color__hover_enabled=\u00bboff\u00bb button_two_bg_color__hover_enabled=\u00bboff\u00bb][\/et_pb_contact_field][et_pb_contact_field field_id=\u00bbEmail\u00bb field_title=\u00bbDirecci\u00f3n de Correo Electr\u00f3nico\u00bb field_type=\u00bbemail\u00bb fullwidth_field=\u00bbon\u00bb _builder_version=\u00bb4.27.3&#8243; global_colors_info=\u00bb{}\u00bb button_text_size__hover_enabled=\u00bboff\u00bb button_one_text_size__hover_enabled=\u00bboff\u00bb button_two_text_size__hover_enabled=\u00bboff\u00bb button_text_color__hover_enabled=\u00bboff\u00bb button_one_text_color__hover_enabled=\u00bboff\u00bb button_two_text_color__hover_enabled=\u00bboff\u00bb button_border_width__hover_enabled=\u00bboff\u00bb button_one_border_width__hover_enabled=\u00bboff\u00bb button_two_border_width__hover_enabled=\u00bboff\u00bb button_border_color__hover_enabled=\u00bboff\u00bb button_one_border_color__hover_enabled=\u00bboff\u00bb button_two_border_color__hover_enabled=\u00bboff\u00bb button_border_radius__hover_enabled=\u00bboff\u00bb button_one_border_radius__hover_enabled=\u00bboff\u00bb button_two_border_radius__hover_enabled=\u00bboff\u00bb button_letter_spacing__hover_enabled=\u00bboff\u00bb button_one_letter_spacing__hover_enabled=\u00bboff\u00bb button_two_letter_spacing__hover_enabled=\u00bboff\u00bb button_bg_color__hover_enabled=\u00bboff\u00bb button_one_bg_color__hover_enabled=\u00bboff\u00bb button_two_bg_color__hover_enabled=\u00bboff\u00bb][\/et_pb_contact_field][\/et_pb_contact_form][\/et_pb_column_inner][\/et_pb_row_inner][et_pb_row_inner _builder_version=\u00bb4.27.2&#8243; _module_preset=\u00bbdefault\u00bb global_colors_info=\u00bb{}\u00bb][et_pb_column_inner saved_specialty_column_type=\u00bb3_4&#8243; _builder_version=\u00bb4.27.2&#8243; _module_preset=\u00bbdefault\u00bb global_colors_info=\u00bb{}\u00bb][et_pb_text _builder_version=\u00bb4.27.3&#8243; _module_preset=\u00bbdefault\u00bb text_font=\u00bb&#8211;et_global_body_font|300|||||||\u00bb header_font=\u00bb&#8211;et_global_heading_font||||||||\u00bb header_2_font=\u00bb&#8211;et_global_heading_font||||||||\u00bb text_orientation=\u00bbcenter\u00bb global_colors_info=\u00bb{}\u00bb]<\/p>\n<div id=\"heading-6141\" class=\"c-heading c-wrapper\"><\/div>\n<div id=\"heading-6808\" class=\"c-heading c-wrapper\">\n<div class=\"flex max-w-full flex-col flex-grow\">\n<div data-message-author-role=\"assistant\" data-message-id=\"faa71249-9154-4a9f-ade1-d250188442fa\" dir=\"auto\" class=\"min-h-8 text-message flex w-full flex-col items-end gap-2 whitespace-normal break-words [.text-message+&amp;]:mt-5\" data-message-model-slug=\"gpt-4o\">\n<div class=\"flex w-full flex-col gap-1 empty:hidden first:pt-[3px]\">\n<div class=\"markdown prose w-full break-words dark:prose-invert dark\">\n<p>Este es un servicio gratuito y NO se requiere tarjeta de cr\u00e9dito.<\/p>\n<\/div>\n<\/div>\n<\/div>\n<\/div>\n<\/div>\n<p>[\/et_pb_text][\/et_pb_column_inner][\/et_pb_row_inner][\/et_pb_column][\/et_pb_section][et_pb_section fb_built=\u00bb1&#8243; _builder_version=\u00bb4.27.2&#8243; _module_preset=\u00bbdefault\u00bb background_color=\u00bb#fdc054&#8243; global_colors_info=\u00bb{}\u00bb][et_pb_row _builder_version=\u00bb4.27.2&#8243; _module_preset=\u00bbdefault\u00bb global_colors_info=\u00bb{}\u00bb][et_pb_column type=\u00bb4_4&#8243; _builder_version=\u00bb4.27.2&#8243; _module_preset=\u00bbdefault\u00bb global_colors_info=\u00bb{}\u00bb][et_pb_text module_class=\u00bbcustom_bullets_wpcc custom_bullets_wpcc&#8211;check\u00bb _builder_version=\u00bb4.27.3&#8243; _module_preset=\u00bbdefault\u00bb text_font=\u00bb&#8211;et_global_body_font|300|||||||\u00bb header_font=\u00bb&#8211;et_global_heading_font||||||||\u00bb header_2_font=\u00bb&#8211;et_global_heading_font|300|||||||\u00bb global_colors_info=\u00bb{}\u00bb]<\/p>\n<div id=\"heading-6141\" class=\"c-heading c-wrapper\">\n<div class=\"row-align-center radius0 noBorder c-row c-wrapper row-9104\" id=\"row-9104\">\n<div class=\"inner\">\n<div class=\"c-column c-wrapper col-1946\" id=\"col-1946\">\n<div class=\"radius0 noBorder bg bgCover vertical inner\">\n<div id=\"heading-4376\" class=\"c-heading c-wrapper\">\n<div class=\"heading-4376 text-output c-heading-heading-4376 radius0 noBorder\" data-animation-class=\"\">\n<div id=\"heading-9920\" class=\"c-heading c-wrapper\">\n<div class=\"heading-9920 text-output c-heading-heading-9920 radius0 noBorder\" data-animation-class=\"\">\n<div class=\"flex max-w-full flex-col flex-grow\">\n<div data-message-author-role=\"assistant\" data-message-id=\"ebf94015-fc46-4e43-b608-980094ea7f67\" dir=\"auto\" class=\"min-h-8 text-message flex w-full flex-col items-end gap-2 whitespace-normal break-words [.text-message+&amp;]:mt-5\" data-message-model-slug=\"gpt-4o\">\n<div class=\"flex w-full flex-col gap-1 empty:hidden first:pt-[3px]\">\n<div class=\"markdown prose w-full break-words dark:prose-invert dark\">\n<h2 style=\"text-align: center;\">Conoce al Autor<\/h2>\n<\/div>\n<\/div>\n<\/div>\n<\/div>\n<\/div>\n<\/div>\n<\/div>\n<\/div>\n<\/div>\n<\/div>\n<\/div>\n<\/div>\n<\/div>\n<p>[\/et_pb_text][et_pb_image src=\u00bbhttps:\/\/ymirsy.com\/wp-content\/uploads\/2024\/10\/f900800fdb24fd7b6a02457299e12f41_1200.jpg\u00bb align=\u00bbcenter\u00bb _builder_version=\u00bb4.27.2&#8243; _module_preset=\u00bbdefault\u00bb height=\u00bb360px\u00bb global_colors_info=\u00bb{}\u00bb][\/et_pb_image][et_pb_text module_class=\u00bbcustom_bullets_wpcc custom_bullets_wpcc&#8211;check\u00bb _builder_version=\u00bb4.27.3&#8243; _module_preset=\u00bbdefault\u00bb text_font=\u00bb&#8211;et_global_body_font|300|||||||\u00bb header_font=\u00bb&#8211;et_global_heading_font||||||||\u00bb header_2_font=\u00bb&#8211;et_global_heading_font|500|||||||\u00bb global_colors_info=\u00bb{}\u00bb]<\/p>\n<div id=\"heading-6141\" class=\"c-heading c-wrapper\">\n<div class=\"row-align-center radius0 noBorder c-row c-wrapper row-9104\" id=\"row-9104\">\n<div class=\"inner\">\n<div class=\"c-column c-wrapper col-1946\" id=\"col-1946\">\n<div class=\"radius0 noBorder bg bgCover vertical inner\">\n<div id=\"heading-4376\" class=\"c-heading c-wrapper\">\n<div class=\"heading-4376 text-output c-heading-heading-4376 radius0 noBorder\" data-animation-class=\"\">\n<div id=\"heading-9920\" class=\"c-heading c-wrapper\">\n<div class=\"heading-9920 text-output c-heading-heading-9920 radius0 noBorder\" data-animation-class=\"\">\n<div id=\"heading-5028\" class=\"c-heading c-wrapper\">\n<div class=\"heading-5028 text-output c-heading-heading-5028 radius0 noBorder\" data-animation-class=\"\">\n<h2 style=\"text-align: center;\">YMIRSY TORCATT<\/h2>\n<\/div>\n<\/div>\n<div id=\"image-5920\" class=\"c-image c-wrapper image-5920\">\n<div class=\"image-container c-image-image-5920\">\n<div data-animation-class=\"\">\n<div style=\"text-align: center;\">Fabulosa, con m\u00e1s de 40 a\u00f1os, chef saludable y modelo de moda de Venezuela, actualmente viviendo en Nueva York. Asisti\u00f3 al Natural Gourmet Institute for Culinary Arts and Health en Nueva York, una escuela premium de nutrici\u00f3n enfocada en la cocina basada en plantas.<\/div>\n<\/div>\n<\/div>\n<\/div>\n<\/div>\n<\/div>\n<\/div>\n<\/div>\n<\/div>\n<\/div>\n<\/div>\n<\/div>\n<\/div>\n<p>[\/et_pb_text][\/et_pb_column][\/et_pb_row][\/et_pb_section]<\/p>\n","protected":false},"excerpt":{"rendered":"<p>Men\u00fa Detox y Alcalino Descarga este men\u00fa GRATIS &nbsp; Ingresa tu informaci\u00f3n correctamente y te enviaremos el e-book por correo electr\u00f3nico. Este es un servicio gratuito y NO se requiere tarjeta de cr\u00e9dito. Conoce al Autor YMIRSY TORCATT Fabulosa, con m\u00e1s de 40 a\u00f1os, chef saludable y modelo de moda de Venezuela, actualmente viviendo en [&hellip;]<\/p>\n","protected":false},"author":4,"featured_media":0,"parent":0,"menu_order":0,"comment_status":"closed","ping_status":"closed","template":"","meta":{"_acf_changed":false,"_et_pb_use_builder":"on","_et_pb_old_content":"","_et_gb_content_width":"","footnotes":""},"class_list":["post-32141","page","type-page","status-publish","hentry"],"acf":[],"_links":{"self":[{"href":"https:\/\/ymirsy.com\/es\/wp-json\/wp\/v2\/pages\/32141","targetHints":{"allow":["GET"]}}],"collection":[{"href":"https:\/\/ymirsy.com\/es\/wp-json\/wp\/v2\/pages"}],"about":[{"href":"https:\/\/ymirsy.com\/es\/wp-json\/wp\/v2\/types\/page"}],"author":[{"embeddable":true,"href":"https:\/\/ymirsy.com\/es\/wp-json\/wp\/v2\/users\/4"}],"replies":[{"embeddable":true,"href":"https:\/\/ymirsy.com\/es\/wp-json\/wp\/v2\/comments?post=32141"}],"version-history":[{"count":0,"href":"https:\/\/ymirsy.com\/es\/wp-json\/wp\/v2\/pages\/32141\/revisions"}],"wp:attachment":[{"href":"https:\/\/ymirsy.com\/es\/wp-json\/wp\/v2\/media?parent=32141"}],"curies":[{"name":"wp","href":"https:\/\/api.w.org\/{rel}","templated":true}]}}