{"id":30061,"date":"2022-02-18T22:03:39","date_gmt":"2022-02-18T22:03:39","guid":{"rendered":"https:\/\/ymirsy.com\/coach-de-bienestar-2\/"},"modified":"2022-02-18T22:03:44","modified_gmt":"2022-02-18T22:03:44","slug":"coach-de-bienestar-2","status":"publish","type":"page","link":"https:\/\/ymirsy.com\/es\/coach-de-bienestar-2\/","title":{"rendered":"Coach de Bienestar"},"content":{"rendered":"<p>[et_pb_section fb_built=\u00bb1&#8243; admin_label=\u00bbsection\u00bb _builder_version=\u00bb4.11.2&#8243; hover_enabled=\u00bb0&#8243; global_colors_info=\u00bb{}\u00bb background_color=\u00bb#FFEBDD\u00bb sticky_enabled=\u00bb0&#8243;][et_pb_row admin_label=\u00bborg\u00e1nico\u00bb _builder_version=\u00bb3.25&#8243; background_size=\u00bbinitial\u00bb background_position=\u00bbtop_left\u00bb background_repeat=\u00bbrepeat\u00bb global_colors_info=\u00bb{}\u00bb][et_pb_column type=\u00bb4_4&#8243; _builder_version=\u00bb3.25&#8243; custom_padding=\u00bb|||\u00bb global_colors_info=\u00bb{}\u00bb custom_padding__hover=\u00bb|||\u00bb][et_pb_text _builder_version=\u00bb4.11.2&#8243; _module_preset=\u00bbdefault\u00bb hover_enabled=\u00bb0&#8243; global_colors_info=\u00bb{}\u00bb sticky_enabled=\u00bb0&#8243; header_font=\u00bbMontserrat||||||||\u00bb text_font=\u00bbMontserrat||||||||\u00bb text_font_size=\u00bb27px\u00bb header_4_font=\u00bbMontserrat||||||||\u00bb header_4_font_size=\u00bb27px\u00bb]<\/p>\n<h4>Formulario Coach de Bienestar<\/h4>\n<p>[\/et_pb_text][et_pb_text _builder_version=\u00bb4.11.2&#8243; _module_preset=\u00bbdefault\u00bb global_colors_info=\u00bb{}\u00bb]<\/p>\n<p style=\"text-align: justify;\">\u00bfQuieres transformar tu salud y bienestar?<\/p>\n<p style=\"text-align: justify;\">\u00bfPero no sabes c\u00f3mo empezar o qu\u00e9 hacer?<\/p>\n<p style=\"text-align: justify;\">Puedo guiarte y apoyarte para crear buenos h\u00e1bitos para la vida. Cultiva una mentalidad saludable con pensamiento positivo para aprender y descubrir habilidades y desarrollar nuevas habilidades. Te ense\u00f1ar\u00e9 nuevos rituales para lograr un estilo de vida sustentable, promover la longevidad y la belleza. Cuando adoptas una nueva forma de pensar y aprender puedes lograr tus metas y lo que quieres de la vida. <\/p>\n<p style=\"text-align: justify;\">\n<p style=\"text-align: justify;\">Estoy tan emocionada de que haya decidido comunicarse conmigo para ayudarlo con su bienestar.<br \/>Objetivos! \u00a1No puedo esperar para trabajar contigo! \u00a1Se pondr\u00e1 en contacto dentro de las 24 horas!<\/p>\n<p>[\/et_pb_text][et_pb_text admin_label=\u00bbText\u00bb _builder_version=\u00bb3.27.4&#8243; background_size=\u00bbinitial\u00bb background_position=\u00bbtop_left\u00bb background_repeat=\u00bbrepeat\u00bb global_colors_info=\u00bb{}\u00bb]<\/p>\n\n<div class=\"wp-block-contact-form-7-contact-form-selector\">\n<div class=\"wpcf7 no-js\" id=\"wpcf7-f29977-o1\" lang=\"es-ES\" dir=\"ltr\" data-wpcf7-id=\"29977\">\n<div class=\"screen-reader-response\"><p role=\"status\" aria-live=\"polite\" aria-atomic=\"true\"><\/p> <ul><\/ul><\/div>\n<form action=\"\/es\/wp-json\/wp\/v2\/pages\/30061#wpcf7-f29977-o1\" method=\"post\" class=\"wpcf7-form init\" aria-label=\"Formulario de contacto\" novalidate=\"novalidate\" data-status=\"init\">\n<fieldset class=\"hidden-fields-container\"><input type=\"hidden\" name=\"_wpcf7\" value=\"29977\" \/><input type=\"hidden\" name=\"_wpcf7_version\" value=\"6.1.5\" \/><input type=\"hidden\" name=\"_wpcf7_locale\" value=\"es_ES\" \/><input type=\"hidden\" name=\"_wpcf7_unit_tag\" value=\"wpcf7-f29977-o1\" \/><input type=\"hidden\" name=\"_wpcf7_container_post\" value=\"0\" \/><input type=\"hidden\" name=\"_wpcf7_posted_data_hash\" value=\"\" \/>\n<\/fieldset>\n<p><label> Nombre<br \/>\n<span class=\"wpcf7-form-control-wrap\" data-name=\"your-name\"><input size=\"40\" maxlength=\"400\" class=\"wpcf7-form-control wpcf7-text wpcf7-validates-as-required\" aria-required=\"true\" aria-invalid=\"false\" value=\"\" type=\"text\" name=\"your-name\" \/><\/span><br \/>\n<\/label><label> G\u00e9nero<br \/>\n<span class=\"wpcf7-form-control-wrap\" data-name=\"gender\"><span class=\"wpcf7-form-control wpcf7-radio\"><span class=\"wpcf7-list-item first\"><label><span class=\"wpcf7-list-item-label\">male<\/span><input type=\"radio\" name=\"gender\" value=\"male\" checked=\"checked\" \/><\/label><\/span><span class=\"wpcf7-list-item\"><label><span class=\"wpcf7-list-item-label\">female<\/span><input type=\"radio\" name=\"gender\" value=\"female\" \/><\/label><\/span><span class=\"wpcf7-list-item last\"><label><span class=\"wpcf7-list-item-label\">other<\/span><input type=\"radio\" name=\"gender\" value=\"other\" \/><\/label><\/span><\/span><\/span><br \/>\n<\/label><label> email<br \/>\n<span class=\"wpcf7-form-control-wrap\" data-name=\"your-email\"><input size=\"40\" maxlength=\"400\" class=\"wpcf7-form-control wpcf7-email wpcf7-validates-as-required wpcf7-text wpcf7-validates-as-email\" aria-required=\"true\" aria-invalid=\"false\" value=\"\" type=\"email\" name=\"your-email\" \/><\/span><br \/>\n<\/label><label> Tel\u00e9fono<br \/>\n<span class=\"wpcf7-form-control-wrap\" data-name=\"phone\"><input size=\"40\" maxlength=\"400\" class=\"wpcf7-form-control wpcf7-tel wpcf7-validates-as-required wpcf7-text wpcf7-validates-as-tel\" aria-required=\"true\" aria-invalid=\"false\" value=\"\" type=\"tel\" name=\"phone\" \/><\/span><br \/>\n<\/label><label> \u00bfCu\u00e1l es la mejor manera para contactarte?<br \/>\n<span class=\"wpcf7-form-control-wrap\" data-name=\"bestwaytocontactyou\"><span class=\"wpcf7-form-control wpcf7-radio\"><span class=\"wpcf7-list-item first\"><label><span class=\"wpcf7-list-item-label\">phone<\/span><input type=\"radio\" name=\"bestwaytocontactyou\" value=\"phone\" checked=\"checked\" \/><\/label><\/span><span class=\"wpcf7-list-item\"><label><span class=\"wpcf7-list-item-label\">email<\/span><input type=\"radio\" name=\"bestwaytocontactyou\" value=\"email\" \/><\/label><\/span><span class=\"wpcf7-list-item\"><label><span class=\"wpcf7-list-item-label\">sms<\/span><input type=\"radio\" name=\"bestwaytocontactyou\" value=\"sms\" \/><\/label><\/span><span class=\"wpcf7-list-item last\"><label><span class=\"wpcf7-list-item-label\">whatsapp<\/span><input type=\"radio\" name=\"bestwaytocontactyou\" value=\"whatsapp\" \/><\/label><\/span><\/span><\/span><br \/>\n<\/label><label> \u00bfQu\u00e9 haces para vivir?<br \/>\n<span class=\"wpcf7-form-control-wrap\" data-name=\"whatdoyoudoforliving\"><input size=\"40\" maxlength=\"400\" class=\"wpcf7-form-control wpcf7-text wpcf7-validates-as-required\" aria-required=\"true\" aria-invalid=\"false\" value=\"\" type=\"text\" name=\"whatdoyoudoforliving\" \/><\/span><br \/>\n<\/label><label> \u00bfCon qu\u00e9 necesita m\u00e1s ayuda?<br \/>\n<span class=\"wpcf7-form-control-wrap\" data-name=\"mosthelpyou\"><input size=\"40\" maxlength=\"400\" class=\"wpcf7-form-control wpcf7-text wpcf7-validates-as-required\" aria-required=\"true\" aria-invalid=\"false\" value=\"\" type=\"text\" name=\"mosthelpyou\" \/><\/span><br \/>\n<button class=\"wpcf7-form-control wpcf7-submit has-spinner et_pb_button et_pb_bg_layout_light\" type=\"submit\" value=\"Submit\">Submit<\/button><\/label>\n<\/p><div class=\"wpcf7-response-output\" aria-hidden=\"true\"><\/div>\n<\/form>\n<\/div>\n<\/div>\n<p>[\/et_pb_text][\/et_pb_column][\/et_pb_row][\/et_pb_section]<\/p>\n","protected":false},"excerpt":{"rendered":"<p>Formulario Coach de Bienestar \u00bfQuieres transformar tu salud y bienestar? \u00bfPero no sabes c\u00f3mo empezar o qu\u00e9 hacer? Puedo guiarte y apoyarte para crear buenos h\u00e1bitos para la vida. Cultiva una mentalidad saludable con pensamiento positivo para aprender y descubrir habilidades y desarrollar nuevas habilidades. Te ense\u00f1ar\u00e9 nuevos rituales para lograr un estilo de vida [&hellip;]<\/p>\n","protected":false},"author":2,"featured_media":0,"parent":0,"menu_order":0,"comment_status":"closed","ping_status":"closed","template":"","meta":{"_acf_changed":false,"_et_pb_use_builder":"on","_et_pb_old_content":"","_et_gb_content_width":"","footnotes":""},"class_list":["post-30061","page","type-page","status-publish","hentry"],"acf":[],"_links":{"self":[{"href":"https:\/\/ymirsy.com\/es\/wp-json\/wp\/v2\/pages\/30061","targetHints":{"allow":["GET"]}}],"collection":[{"href":"https:\/\/ymirsy.com\/es\/wp-json\/wp\/v2\/pages"}],"about":[{"href":"https:\/\/ymirsy.com\/es\/wp-json\/wp\/v2\/types\/page"}],"author":[{"embeddable":true,"href":"https:\/\/ymirsy.com\/es\/wp-json\/wp\/v2\/users\/2"}],"replies":[{"embeddable":true,"href":"https:\/\/ymirsy.com\/es\/wp-json\/wp\/v2\/comments?post=30061"}],"version-history":[{"count":0,"href":"https:\/\/ymirsy.com\/es\/wp-json\/wp\/v2\/pages\/30061\/revisions"}],"wp:attachment":[{"href":"https:\/\/ymirsy.com\/es\/wp-json\/wp\/v2\/media?parent=30061"}],"curies":[{"name":"wp","href":"https:\/\/api.w.org\/{rel}","templated":true}]}}